{"id":13419,"date":"2019-06-04T08:40:03","date_gmt":"2019-06-04T13:40:03","guid":{"rendered":"http:\/\/www.caisse.biz\/?page_id=13419\/"},"modified":"2020-08-16T12:45:40","modified_gmt":"2020-08-16T17:45:40","slug":"servicesmobiles","status":"publish","type":"page","link":"https:\/\/caisse-wordpress-prod.azurewebsites.net\/fr\/servicesmobiles\/","title":{"rendered":"Services mobiles"},"content":{"rendered":"<h3>Avec l&rsquo;application mobile de Caisse Groupe Financier, vous avez un acc\u00e8s instantan\u00e9 et s\u00e9curis\u00e9 \u00e0 vos comptes dans la paume de votre main.<\/h3>\n<p>Pour utiliser l&rsquo;application mobile de la Caisse, vous devez \u00eatre membre de la Caisse. Si vous ne pouvez pas vous connecter \u00e0 votre compte, <a href=\"..\/contactez-nous\/\">contactez-nous.<\/a><\/p>\n<p>L&rsquo;application mobile est disponible pour les appareils <a href=\"https:\/\/apps.apple.com\/ca\/app\/caisse-financial-group\/id1467407650\">Apple <\/a>et <a href=\"https:\/\/play.google.com\/store\/apps\/details?id=md.classic.mb.caissefinancial.mobileapp\">Android<\/a>.<\/p>\n<p><a href=\"https:\/\/apps.apple.com\/ca\/app\/caisse-financial-group\/id1467407650\"><img loading=\"lazy\" decoding=\"async\" class=\"alignleft size-full wp-image-16133\" src=\"..\/..\/wp-content\/uploads\/2018\/07\/Bouton-AppStore-FR.png\" alt=\"\" width=\"172\" height=\"54\" \/><\/a> \u2003\u2003 <a href=\"https:\/\/play.google.com\/store\/apps\/details?id=md.classic.mb.caissefinancial.mobileapp\"><img loading=\"lazy\" decoding=\"async\" class=\"alignleft size-full wp-image-16129\" src=\"..\/..\/wp-content\/uploads\/2018\/07\/Bouton-GooglePlay-FR.png\" alt=\"\" width=\"182\" height=\"52\" \/><\/a><\/p>\n","protected":false},"excerpt":{"rendered":"<p>Avec l&rsquo;application mobile de Caisse Groupe Financier, vous avez un acc\u00e8s instantan\u00e9 et s\u00e9curis\u00e9 \u00e0 vos comptes dans la paume de votre main. Pour utiliser l&rsquo;application mobile de la Caisse, vous devez \u00eatre membre de la Caisse. Si vous ne pouvez pas vous connecter \u00e0 votre compte, contactez-nous. L&rsquo;application mobile est disponible pour les appareils [&hellip;]<\/p>\n","protected":false},"author":13,"featured_media":18061,"parent":0,"menu_order":0,"comment_status":"closed","ping_status":"closed","template":"tpl_accounts_personal.php","meta":{"_acf_changed":false,"footnotes":""},"class_list":["post-13419","page","type-page","status-publish","has-post-thumbnail","hentry"],"acf":[],"_links":{"self":[{"href":"https:\/\/caisse-wordpress-prod.azurewebsites.net\/fr\/wp-json\/wp\/v2\/pages\/13419","targetHints":{"allow":["GET"]}}],"collection":[{"href":"https:\/\/caisse-wordpress-prod.azurewebsites.net\/fr\/wp-json\/wp\/v2\/pages"}],"about":[{"href":"https:\/\/caisse-wordpress-prod.azurewebsites.net\/fr\/wp-json\/wp\/v2\/types\/page"}],"author":[{"embeddable":true,"href":"https:\/\/caisse-wordpress-prod.azurewebsites.net\/fr\/wp-json\/wp\/v2\/users\/13"}],"replies":[{"embeddable":true,"href":"https:\/\/caisse-wordpress-prod.azurewebsites.net\/fr\/wp-json\/wp\/v2\/comments?post=13419"}],"version-history":[{"count":0,"href":"https:\/\/caisse-wordpress-prod.azurewebsites.net\/fr\/wp-json\/wp\/v2\/pages\/13419\/revisions"}],"wp:featuredmedia":[{"embeddable":true,"href":"https:\/\/caisse-wordpress-prod.azurewebsites.net\/fr\/wp-json\/wp\/v2\/media\/18061"}],"wp:attachment":[{"href":"https:\/\/caisse-wordpress-prod.azurewebsites.net\/fr\/wp-json\/wp\/v2\/media?parent=13419"}],"curies":[{"name":"wp","href":"https:\/\/api.w.org\/{rel}","templated":true}]}}