{"id":13210,"date":"2018-05-30T08:25:50","date_gmt":"2018-05-30T14:25:50","guid":{"rendered":"http:\/\/www.caisse.biz\/?page_id=13210\/"},"modified":"2025-10-21T08:33:01","modified_gmt":"2025-10-21T14:33:01","slug":"taux-de-change","status":"publish","type":"page","link":"https:\/\/caisse-wordpress-prod.azurewebsites.net\/fr\/taux-de-change\/","title":{"rendered":"Taux de change"},"content":{"rendered":"<h2>Dollar am\u00e9ricain<\/h2>\n\n<table id=\"tablepress-247\" class=\"tablepress tablepress-id-247\">\n<tbody>\n<tr class=\"row-1\">\n\t<td class=\"column-1\">Membre ach\u00e8te des billets US<\/td><td class=\"column-2\">1.3915<\/td>\n<\/tr>\n<tr class=\"row-2\">\n\t<td class=\"column-1\">Membre vend des billets US<\/td><td class=\"column-2\">1.3515<\/td>\n<\/tr>\n<tr class=\"row-3\">\n\t<td class=\"column-1\"><p style=\"font-size: 75%;\">En date du 20 mars 2026<\/p> <\/td><td class=\"column-2\"><\/td>\n<\/tr>\n<\/tbody>\n<\/table>\n<!-- #tablepress-247 from cache -->\n<p>Les taux indiqu\u00e9s sont applicables aux dollars canadiens et sont sujets \u00e0 changement sans pr\u00e9avis.<\/p>\n<p>Pour les demandes de 20 000 $ US ou plus, ou pour placer une commande pour d&rsquo;autres devises \u00e9trang\u00e8res, <a href=\"..\/contactez-nous\/\">veuillez visiter ou contacter votre centre de services<\/a>.<\/p>\n","protected":false},"excerpt":{"rendered":"<p>Dollar am\u00e9ricain Les taux indiqu\u00e9s sont applicables aux dollars canadiens et sont sujets \u00e0 changement sans pr\u00e9avis. Pour les demandes de 20 000 $ US ou plus, ou pour placer une commande pour d&rsquo;autres devises \u00e9trang\u00e8res, veuillez visiter ou contacter votre centre de services.<\/p>\n","protected":false},"author":13,"featured_media":0,"parent":0,"menu_order":0,"comment_status":"closed","ping_status":"closed","template":"tpl_page_right_sidebar.php","meta":{"_acf_changed":false,"footnotes":""},"class_list":["post-13210","page","type-page","status-publish","hentry"],"acf":[],"_links":{"self":[{"href":"https:\/\/caisse-wordpress-prod.azurewebsites.net\/fr\/wp-json\/wp\/v2\/pages\/13210","targetHints":{"allow":["GET"]}}],"collection":[{"href":"https:\/\/caisse-wordpress-prod.azurewebsites.net\/fr\/wp-json\/wp\/v2\/pages"}],"about":[{"href":"https:\/\/caisse-wordpress-prod.azurewebsites.net\/fr\/wp-json\/wp\/v2\/types\/page"}],"author":[{"embeddable":true,"href":"https:\/\/caisse-wordpress-prod.azurewebsites.net\/fr\/wp-json\/wp\/v2\/users\/13"}],"replies":[{"embeddable":true,"href":"https:\/\/caisse-wordpress-prod.azurewebsites.net\/fr\/wp-json\/wp\/v2\/comments?post=13210"}],"version-history":[{"count":2,"href":"https:\/\/caisse-wordpress-prod.azurewebsites.net\/fr\/wp-json\/wp\/v2\/pages\/13210\/revisions"}],"predecessor-version":[{"id":25514,"href":"https:\/\/caisse-wordpress-prod.azurewebsites.net\/fr\/wp-json\/wp\/v2\/pages\/13210\/revisions\/25514"}],"wp:attachment":[{"href":"https:\/\/caisse-wordpress-prod.azurewebsites.net\/fr\/wp-json\/wp\/v2\/media?parent=13210"}],"curies":[{"name":"wp","href":"https:\/\/api.w.org\/{rel}","templated":true}]}}