{"id":12090,"date":"2018-02-28T15:24:22","date_gmt":"2018-02-28T20:24:22","guid":{"rendered":"http:\/\/www.caisse.biz\/?page_id=12090\/"},"modified":"2023-07-31T14:16:12","modified_gmt":"2023-07-31T19:16:12","slug":"fraude","status":"publish","type":"page","link":"https:\/\/caisse-wordpress-prod.azurewebsites.net\/fr\/fraude\/","title":{"rendered":"Fraude et cybers\u00e9curit\u00e9"},"content":{"rendered":"<h3>Le vol d\u2019identit\u00e9 et les fraudes financi\u00e8res font partie des crimes dont la fr\u00e9quence cro\u00eet le plus rapidement en Am\u00e9rique du Nord.<\/h3>\n<p>D\u00e9couvrez quelques fa\u00e7ons simples de vous prot\u00e9ger contre la fraude et d\u2019am\u00e9liorer la confidentialit\u00e9 et la s\u00e9curit\u00e9 de vos renseignements personnels. Personne n\u2019est \u00e0 l\u2019abri. Les criminels utilisent des moyens de plus en plus sophistiqu\u00e9s et se servent des tendances et des technologies les plus r\u00e9centes pour escroquer les Canadiens. Il faut donc \u00eatre vigilant et prendre certaines mesures pour se prot\u00e9ger.<\/p>\n<p><a href=\"\/wp-content\/uploads\/2023\/07\/2022_CCUABeFraudSmart_FRENCH_RetailBrochure_DIGITAL_F.pdf\" target=\"_blank\" rel=\"noopener\"><img loading=\"lazy\" decoding=\"async\" class=\"alignnone size-full wp-image-8311\" src=\"\/wp-content\/uploads\/2023\/07\/pdf-2023.jpg\" alt=\"\" width=\"32\" height=\"32\" \/>D\u00e9jouez La Fraude<\/a><\/p>\n","protected":false},"excerpt":{"rendered":"<p>Le vol d\u2019identit\u00e9 et les fraudes financi\u00e8res font partie des crimes dont la fr\u00e9quence cro\u00eet le plus rapidement en Am\u00e9rique du Nord. D\u00e9couvrez quelques fa\u00e7ons simples de vous prot\u00e9ger contre la fraude et d\u2019am\u00e9liorer la confidentialit\u00e9 et la s\u00e9curit\u00e9 de vos renseignements personnels. Personne n\u2019est \u00e0 l\u2019abri. Les criminels utilisent des moyens de plus en [&hellip;]<\/p>\n","protected":false},"author":13,"featured_media":18051,"parent":0,"menu_order":0,"comment_status":"closed","ping_status":"closed","template":"tpl_accounts_personal.php","meta":{"_acf_changed":false,"footnotes":""},"class_list":["post-12090","page","type-page","status-publish","has-post-thumbnail","hentry"],"acf":[],"_links":{"self":[{"href":"https:\/\/caisse-wordpress-prod.azurewebsites.net\/fr\/wp-json\/wp\/v2\/pages\/12090","targetHints":{"allow":["GET"]}}],"collection":[{"href":"https:\/\/caisse-wordpress-prod.azurewebsites.net\/fr\/wp-json\/wp\/v2\/pages"}],"about":[{"href":"https:\/\/caisse-wordpress-prod.azurewebsites.net\/fr\/wp-json\/wp\/v2\/types\/page"}],"author":[{"embeddable":true,"href":"https:\/\/caisse-wordpress-prod.azurewebsites.net\/fr\/wp-json\/wp\/v2\/users\/13"}],"replies":[{"embeddable":true,"href":"https:\/\/caisse-wordpress-prod.azurewebsites.net\/fr\/wp-json\/wp\/v2\/comments?post=12090"}],"version-history":[{"count":6,"href":"https:\/\/caisse-wordpress-prod.azurewebsites.net\/fr\/wp-json\/wp\/v2\/pages\/12090\/revisions"}],"predecessor-version":[{"id":27523,"href":"https:\/\/caisse-wordpress-prod.azurewebsites.net\/fr\/wp-json\/wp\/v2\/pages\/12090\/revisions\/27523"}],"wp:featuredmedia":[{"embeddable":true,"href":"https:\/\/caisse-wordpress-prod.azurewebsites.net\/fr\/wp-json\/wp\/v2\/media\/18051"}],"wp:attachment":[{"href":"https:\/\/caisse-wordpress-prod.azurewebsites.net\/fr\/wp-json\/wp\/v2\/media?parent=12090"}],"curies":[{"name":"wp","href":"https:\/\/api.w.org\/{rel}","templated":true}]}}