{"id":28191,"date":"2024-01-18T12:02:41","date_gmt":"2024-01-18T17:02:41","guid":{"rendered":"https:\/\/caisse-wordpress-prod.azurewebsites.net\/?page_id=28191"},"modified":"2024-01-18T12:02:41","modified_gmt":"2024-01-18T17:02:41","slug":"blog","status":"publish","type":"page","link":"https:\/\/caisse-wordpress-prod.azurewebsites.net\/en\/blog\/","title":{"rendered":"Blog"},"content":{"rendered":"\r\n<div style=\"height:10px\" aria-hidden=\"true\" class=\"wp-block-spacer\"><\/div>\r\n\r\n\r\n\r\n<figure class=\"wp-block-image size-full is-resized\"><img decoding=\"async\" src=\"\/wp-content\/uploads\/2024\/01\/Logo-Communi-Caisse.png\" alt=\"\" class=\"wp-image-2470\" width=\"350\"\/><\/figure>\r\n\r\n\r\n\r\n<div style=\"height:20px\" aria-hidden=\"true\" class=\"wp-block-spacer\"><\/div>\r\n\r\n\r\n\r\n<p>Explore the Communi-Caisse blog to make sure you are&nbsp;up-to-date&nbsp;on the latest goings-on at Caisse, and for guidance regarding your finances.<\/p>\r\n\r\n\r\n\r\n<div style=\"height:53px\" aria-hidden=\"true\" class=\"wp-block-spacer\"><\/div>\r\n\r\n\r\n\r\n<div style=\"height:53px\" aria-hidden=\"true\" class=\"wp-block-spacer\"><\/div>\r\n\r\n\r\n\r\n<div class=\"wp-block-query is-layout-flow wp-block-query-is-layout-flow\"><ul class=\"is-flex-container columns-2 wp-block-post-template is-layout-flow wp-block-post-template-is-layout-flow\"><li class=\"wp-block-post post-30766 post type-post status-publish format-standard has-post-thumbnail hentry category-news category-securite-et-confidentialite\">\r\n<figure class=\"alignwide wp-block-post-featured-image\"><a href=\"https:\/\/caisse-wordpress-prod.azurewebsites.net\/en\/phishing-scam-alert\/\" target=\"_self\"  ><img loading=\"lazy\" decoding=\"async\" width=\"1401\" height=\"801\" src=\"\/wp-content\/uploads\/2026\/02\/LinkedIn_EN.jpg\" class=\"attachment-post-thumbnail size-post-thumbnail wp-post-image\" alt=\"Phishing Scam Alert\" style=\"object-fit:cover;\" srcset=\"\/wp-content\/uploads\/2026\/02\/LinkedIn_EN.jpg 1401w, \/wp-content\/uploads\/2026\/02\/LinkedIn_EN-300x172.jpg 300w, \/wp-content\/uploads\/2026\/02\/LinkedIn_EN-1024x585.jpg 1024w, \/wp-content\/uploads\/2026\/02\/LinkedIn_EN-768x439.jpg 768w\" sizes=\"auto, (max-width: 1401px) 100vw, 1401px\" \/><\/a><\/figure>\r\n\r\n<h2 class=\"wp-block-post-title\"><a href=\"https:\/\/caisse-wordpress-prod.azurewebsites.net\/en\/phishing-scam-alert\/\" target=\"_self\" >Phishing Scam Alert<\/a><\/h2>\r\n\r\n<div class=\"wp-block-post-excerpt\"><p class=\"wp-block-post-excerpt__excerpt\">Important Notice &nbsp; We are aware of a fraudulent ad circulating on social media that falsely claims ACU is giving away a MacBook Air \u201cexclusively for our valued members.\u201d This ad was not created or authorized by us. This is a phishing scam\u2014please do NOT click the \u201cGet Offer\u201d button or share any personal details.&hellip;<\/p><p class=\"wp-block-post-excerpt__more-text\"><a class=\"wp-block-post-excerpt__more-link\" href=\"https:\/\/caisse-wordpress-prod.azurewebsites.net\/en\/phishing-scam-alert\/\">READ MORE<\/a><\/p><\/div>\r\n<\/li><li class=\"wp-block-post post-30566 post type-post status-publish format-standard has-post-thumbnail hentry category-news category-uncategorized\">\r\n<figure class=\"alignwide wp-block-post-featured-image\"><a href=\"https:\/\/caisse-wordpress-prod.azurewebsites.net\/en\/2025-holiday-hours\/\" target=\"_self\"  ><img loading=\"lazy\" decoding=\"async\" width=\"1024\" height=\"768\" src=\"\/wp-content\/uploads\/2025\/12\/HolidayCampaign_Caisse_Digital_NixDigitalFrames_1024x768.jpg\" class=\"attachment-post-thumbnail size-post-thumbnail wp-post-image\" alt=\"2025 HOLIDAY HOURS\" style=\"object-fit:cover;\" srcset=\"\/wp-content\/uploads\/2025\/12\/HolidayCampaign_Caisse_Digital_NixDigitalFrames_1024x768.jpg 1024w, \/wp-content\/uploads\/2025\/12\/HolidayCampaign_Caisse_Digital_NixDigitalFrames_1024x768-300x225.jpg 300w, \/wp-content\/uploads\/2025\/12\/HolidayCampaign_Caisse_Digital_NixDigitalFrames_1024x768-768x576.jpg 768w\" sizes=\"auto, (max-width: 1024px) 100vw, 1024px\" \/><\/a><\/figure>\r\n\r\n<h2 class=\"wp-block-post-title\"><a href=\"https:\/\/caisse-wordpress-prod.azurewebsites.net\/en\/2025-holiday-hours\/\" target=\"_self\" >2025 HOLIDAY HOURS<\/a><\/h2>\r\n\r\n<div class=\"wp-block-post-excerpt\"><p class=\"wp-block-post-excerpt__excerpt\">&nbsp; &nbsp; As the holidays approach, please take note of our adjusted business hours, including our Member Communication Centre. &nbsp; December 24 \u2013 Closing at 3:00 PM December 25 \u2013 Closed December 26 \u2013 Closed December 31 \u2013 Closing at 3:00 PM January 1 \u2013 Closed &nbsp; We\u2019ll resume regular business hours on January 2,&hellip;<\/p><p class=\"wp-block-post-excerpt__more-text\"><a class=\"wp-block-post-excerpt__more-link\" href=\"https:\/\/caisse-wordpress-prod.azurewebsites.net\/en\/2025-holiday-hours\/\">READ MORE<\/a><\/p><\/div>\r\n<\/li><li class=\"wp-block-post post-29985 post type-post status-publish format-standard has-post-thumbnail hentry category-news\">\r\n<figure class=\"alignwide wp-block-post-featured-image\"><a href=\"https:\/\/caisse-wordpress-prod.azurewebsites.net\/en\/assiniboine-credit-union-announces-executive-retirements\/\" target=\"_self\"  ><img loading=\"lazy\" decoding=\"async\" width=\"722\" height=\"397\" src=\"\/wp-content\/uploads\/2025\/05\/3750-Joel-Rondeau_cut-corner.png\" class=\"attachment-post-thumbnail size-post-thumbnail wp-post-image\" alt=\"Assiniboine Credit Union announces executive retirements\" style=\"object-fit:cover;\" srcset=\"\/wp-content\/uploads\/2025\/05\/3750-Joel-Rondeau_cut-corner.png 722w, \/wp-content\/uploads\/2025\/05\/3750-Joel-Rondeau_cut-corner-300x165.png 300w\" sizes=\"auto, (max-width: 722px) 100vw, 722px\" \/><\/a><\/figure>\r\n\r\n<h2 class=\"wp-block-post-title\"><a href=\"https:\/\/caisse-wordpress-prod.azurewebsites.net\/en\/assiniboine-credit-union-announces-executive-retirements\/\" target=\"_self\" >Assiniboine Credit Union announces executive retirements<\/a><\/h2>\r\n\r\n<div class=\"wp-block-post-excerpt\"><p class=\"wp-block-post-excerpt__excerpt\">Assiniboine Credit Union CEO Kevin Sitka today announced the retirement of Jim Rediger and Jo\u00ebl Rondeau. Rediger and Rondeau joined ACU as Chief Strategic Project Officers following the January 1, 2025, merger of Caisse Financial Group, Westoba Credit Union and Assiniboine Credit Union (ACU). They will both retire in June. &nbsp; Rediger and Rondeau both&hellip;<\/p><p class=\"wp-block-post-excerpt__more-text\"><a class=\"wp-block-post-excerpt__more-link\" href=\"https:\/\/caisse-wordpress-prod.azurewebsites.net\/en\/assiniboine-credit-union-announces-executive-retirements\/\">READ MORE<\/a><\/p><\/div>\r\n<\/li><li class=\"wp-block-post post-29474 post type-post status-publish format-standard has-post-thumbnail hentry category-news\">\r\n<figure class=\"alignwide wp-block-post-featured-image\"><a href=\"https:\/\/caisse-wordpress-prod.azurewebsites.net\/en\/collaboration-mb-leadership-announcement\/\" target=\"_self\"  ><img loading=\"lazy\" decoding=\"async\" width=\"960\" height=\"550\" src=\"\/wp-content\/uploads\/2024\/11\/CMB_OrgLeadershipAnnou_BlogPostThumbnail_960x550.png\" class=\"attachment-post-thumbnail size-post-thumbnail wp-post-image\" alt=\"Collaboration MB Leadership Announcement\" style=\"object-fit:cover;\" srcset=\"\/wp-content\/uploads\/2024\/11\/CMB_OrgLeadershipAnnou_BlogPostThumbnail_960x550.png 960w, \/wp-content\/uploads\/2024\/11\/CMB_OrgLeadershipAnnou_BlogPostThumbnail_960x550-300x172.png 300w, \/wp-content\/uploads\/2024\/11\/CMB_OrgLeadershipAnnou_BlogPostThumbnail_960x550-768x440.png 768w\" sizes=\"auto, (max-width: 960px) 100vw, 960px\" \/><\/a><\/figure>\r\n\r\n<h2 class=\"wp-block-post-title\"><a href=\"https:\/\/caisse-wordpress-prod.azurewebsites.net\/en\/collaboration-mb-leadership-announcement\/\" target=\"_self\" >Collaboration MB Leadership Announcement<\/a><\/h2>\r\n\r\n<div class=\"wp-block-post-excerpt\"><p class=\"wp-block-post-excerpt__excerpt\">&nbsp; WINNIPEG, November 14, 2024 \u2013 Three Manitoba financial cooperatives whose members voted overwhelmingly to merge in June announced their board of directors, chief executives and senior leaders for the new entity today. Not surprisingly, it reflects the unique attributes that each bring to the merger. The merger partners had always maintained the board and&hellip;<\/p><p class=\"wp-block-post-excerpt__more-text\"><a class=\"wp-block-post-excerpt__more-link\" href=\"https:\/\/caisse-wordpress-prod.azurewebsites.net\/en\/collaboration-mb-leadership-announcement\/\">READ MORE<\/a><\/p><\/div>\r\n<\/li><li class=\"wp-block-post post-29066 post type-post status-publish format-standard has-post-thumbnail hentry category-uncategorized\">\r\n<figure class=\"alignwide wp-block-post-featured-image\"><a href=\"https:\/\/caisse-wordpress-prod.azurewebsites.net\/en\/thank-you-for-saying-yes-and-oui-to-the-merger\/\" target=\"_self\"  ><img loading=\"lazy\" decoding=\"async\" width=\"726\" height=\"400\" src=\"\/wp-content\/uploads\/2024\/06\/Caisse_blog_feature-image_Senario-1_All-3-merge-EN.jpg\" class=\"attachment-post-thumbnail size-post-thumbnail wp-post-image\" alt=\"Thank you for saying \u201cYes and Oui\u201d to the merger\" style=\"object-fit:cover;\" srcset=\"\/wp-content\/uploads\/2024\/06\/Caisse_blog_feature-image_Senario-1_All-3-merge-EN.jpg 726w, \/wp-content\/uploads\/2024\/06\/Caisse_blog_feature-image_Senario-1_All-3-merge-EN-300x165.jpg 300w\" sizes=\"auto, (max-width: 726px) 100vw, 726px\" \/><\/a><\/figure>\r\n\r\n<h2 class=\"wp-block-post-title\"><a href=\"https:\/\/caisse-wordpress-prod.azurewebsites.net\/en\/thank-you-for-saying-yes-and-oui-to-the-merger\/\" target=\"_self\" >Thank you for saying \u201cYes and Oui\u201d to the merger<\/a><\/h2>\r\n\r\n<div class=\"wp-block-post-excerpt\"><p class=\"wp-block-post-excerpt__excerpt\">Today, the member-owners of Assiniboine Credit Union, Caisse Financial Group, and Westoba Credit Union voted \u201cYes and Oui\u201d to a future of possibilities when they voted in favour of creating a uniquely Manitoban credit union. Thank you. Thank you for trusting your Board of Directors who recommended the merger, knowing that to be stronger and&hellip;<\/p><p class=\"wp-block-post-excerpt__more-text\"><a class=\"wp-block-post-excerpt__more-link\" href=\"https:\/\/caisse-wordpress-prod.azurewebsites.net\/en\/thank-you-for-saying-yes-and-oui-to-the-merger\/\">READ MORE<\/a><\/p><\/div>\r\n<\/li><li class=\"wp-block-post post-28492 post type-post status-publish format-standard has-post-thumbnail hentry category-uncategorized\">\r\n<figure class=\"alignwide wp-block-post-featured-image\"><a href=\"https:\/\/caisse-wordpress-prod.azurewebsites.net\/en\/protect-yourself-from-fraud-a-guide-for-banking-customers\/\" target=\"_self\"  ><img loading=\"lazy\" decoding=\"async\" width=\"2560\" height=\"1378\" src=\"\/wp-content\/uploads\/2024\/03\/iStock-1291541351-scaled.jpg\" class=\"attachment-post-thumbnail size-post-thumbnail wp-post-image\" alt=\"Protect Yourself from Fraud: A Guide for Banking Customers\" style=\"object-fit:cover;\" srcset=\"\/wp-content\/uploads\/2024\/03\/iStock-1291541351-scaled.jpg 2560w, \/wp-content\/uploads\/2024\/03\/iStock-1291541351-300x162.jpg 300w, \/wp-content\/uploads\/2024\/03\/iStock-1291541351-1024x551.jpg 1024w, \/wp-content\/uploads\/2024\/03\/iStock-1291541351-768x414.jpg 768w, \/wp-content\/uploads\/2024\/03\/iStock-1291541351-1536x827.jpg 1536w, \/wp-content\/uploads\/2024\/03\/iStock-1291541351-2048x1103.jpg 2048w\" sizes=\"auto, (max-width: 2560px) 100vw, 2560px\" \/><\/a><\/figure>\r\n\r\n<h2 class=\"wp-block-post-title\"><a href=\"https:\/\/caisse-wordpress-prod.azurewebsites.net\/en\/protect-yourself-from-fraud-a-guide-for-banking-customers\/\" target=\"_self\" >Protect Yourself from Fraud: A Guide for Banking Customers<\/a><\/h2>\r\n\r\n<div class=\"wp-block-post-excerpt\"><p class=\"wp-block-post-excerpt__excerpt\">In today&#8217;s digital age, fraudsters are constantly finding new ways to exploit unsuspecting individuals. From phishing emails to identity theft, fraud comes in many forms and can wreak havoc on your finances and personal information. That&#8217;s why it&#8217;s crucial to be vigilant and proactive in protecting yourself against fraud. In this article, we&#8217;ll discuss what&hellip;<\/p><p class=\"wp-block-post-excerpt__more-text\"><a class=\"wp-block-post-excerpt__more-link\" href=\"https:\/\/caisse-wordpress-prod.azurewebsites.net\/en\/protect-yourself-from-fraud-a-guide-for-banking-customers\/\">READ MORE<\/a><\/p><\/div>\r\n<\/li><li class=\"wp-block-post post-3011 post type-post status-publish format-standard has-post-thumbnail hentry category-uncategorized\">\r\n<figure class=\"alignwide wp-block-post-featured-image\"><a href=\"https:\/\/caisse-wordpress-prod.azurewebsites.net\/en\/brandy-elliott-in-wealth-management\/\" target=\"_self\"  ><img loading=\"lazy\" decoding=\"async\" width=\"726\" height=\"400\" src=\"\/wp-content\/uploads\/2024\/01\/Brandy-Elliott-Wealth-Management-thumbnail.jpg\" class=\"attachment-post-thumbnail size-post-thumbnail wp-post-image\" alt=\"Brandy Elliott in Wealth Management\" style=\"object-fit:cover;\" srcset=\"\/wp-content\/uploads\/2024\/01\/Brandy-Elliott-Wealth-Management-thumbnail.jpg 726w, \/wp-content\/uploads\/2024\/01\/Brandy-Elliott-Wealth-Management-thumbnail-300x165.jpg 300w\" sizes=\"auto, (max-width: 726px) 100vw, 726px\" \/><\/a><\/figure>\r\n\r\n<h2 class=\"wp-block-post-title\"><a href=\"https:\/\/caisse-wordpress-prod.azurewebsites.net\/en\/brandy-elliott-in-wealth-management\/\" target=\"_self\" >Brandy Elliott in Wealth Management<\/a><\/h2>\r\n\r\n<div class=\"wp-block-post-excerpt\"><p class=\"wp-block-post-excerpt__excerpt\">Brandy Elliott&#8217;s passion for finance has led her to embark on a new adventure with the C Finance team. As a former Director of Branch Services for the Western Regions at Caisse, Brandy brings a wealth of knowledge and expertise to her new role. Her enthusiasm and dedication to helping clients achieve their desired financial&hellip;<\/p><p class=\"wp-block-post-excerpt__more-text\"><a class=\"wp-block-post-excerpt__more-link\" href=\"https:\/\/caisse-wordpress-prod.azurewebsites.net\/en\/brandy-elliott-in-wealth-management\/\">READ MORE<\/a><\/p><\/div>\r\n<\/li><li class=\"wp-block-post post-2968 post type-post status-publish format-standard has-post-thumbnail hentry category-uncategorized\">\r\n<figure class=\"alignwide wp-block-post-featured-image\"><a href=\"https:\/\/caisse-wordpress-prod.azurewebsites.net\/en\/post-changes-to-online-banking\/\" target=\"_self\"  ><img loading=\"lazy\" decoding=\"async\" width=\"726\" height=\"400\" src=\"\/wp-content\/uploads\/2024\/01\/Changes-Online-Banking-thumbnail.jpg\" class=\"attachment-post-thumbnail size-post-thumbnail wp-post-image\" alt=\"Changes to Online Banking\" style=\"object-fit:cover;\" srcset=\"\/wp-content\/uploads\/2024\/01\/Changes-Online-Banking-thumbnail.jpg 726w, \/wp-content\/uploads\/2024\/01\/Changes-Online-Banking-thumbnail-300x165.jpg 300w\" sizes=\"auto, (max-width: 726px) 100vw, 726px\" \/><\/a><\/figure>\r\n\r\n<h2 class=\"wp-block-post-title\"><a href=\"https:\/\/caisse-wordpress-prod.azurewebsites.net\/en\/post-changes-to-online-banking\/\" target=\"_self\" >Changes to Online Banking<\/a><\/h2>\r\n\r\n<div class=\"wp-block-post-excerpt\"><p class=\"wp-block-post-excerpt__excerpt\">\ud83d\udce2 Excellent news! \ud83c\udf89&nbsp;&nbsp;&nbsp; Starting June 15, Caisse Financial Group&#8217;s online banking system, e-Caisse, will be revitalized! Your e-Caisse experience will include new features, be more intuitive and accessible, and eventually include enhanced security features that will lead to additional functionalities&#8230;in addition to a refreshed look! Our members will now have access to several features&hellip;<\/p><p class=\"wp-block-post-excerpt__more-text\"><a class=\"wp-block-post-excerpt__more-link\" href=\"https:\/\/caisse-wordpress-prod.azurewebsites.net\/en\/post-changes-to-online-banking\/\">READ MORE<\/a><\/p><\/div>\r\n<\/li><li class=\"wp-block-post post-28186 post type-post status-publish format-standard has-post-thumbnail hentry category-communaute\">\r\n<figure class=\"alignwide wp-block-post-featured-image\"><a href=\"https:\/\/caisse-wordpress-prod.azurewebsites.net\/en\/festival-du-voyageur-back-with-a-bang\/\" target=\"_self\"  ><img loading=\"lazy\" decoding=\"async\" width=\"726\" height=\"400\" src=\"\/wp-content\/uploads\/2024\/01\/Festival-Voyageur-thumbnail.jpg\" class=\"attachment-post-thumbnail size-post-thumbnail wp-post-image\" alt=\"Festival du Voyageur \u2013 Back with a Bang!\" style=\"object-fit:cover;\" srcset=\"\/wp-content\/uploads\/2024\/01\/Festival-Voyageur-thumbnail.jpg 726w, \/wp-content\/uploads\/2024\/01\/Festival-Voyageur-thumbnail-300x165.jpg 300w\" sizes=\"auto, (max-width: 726px) 100vw, 726px\" \/><\/a><\/figure>\r\n\r\n<h2 class=\"wp-block-post-title\"><a href=\"https:\/\/caisse-wordpress-prod.azurewebsites.net\/en\/festival-du-voyageur-back-with-a-bang\/\" target=\"_self\" >Festival du Voyageur \u2013 Back with a Bang!<\/a><\/h2>\r\n\r\n<div class=\"wp-block-post-excerpt\"><p class=\"wp-block-post-excerpt__excerpt\">If you&#8217;re Manitoban &#8211; especially Franco-Manitoban! &#8211; thinking of Festival du Voyageur, Western Canada&#8217;s largest winter festival, instantly evokes nostalgic memories of snow sculptures, maple taffy on a stick, lively music, sashes and Caribou.\u00a0 After two years of waiting, our favourite festival is back in full force at Voyageur Park from February 17 to 26,&hellip;<\/p><p class=\"wp-block-post-excerpt__more-text\"><a class=\"wp-block-post-excerpt__more-link\" href=\"https:\/\/caisse-wordpress-prod.azurewebsites.net\/en\/festival-du-voyageur-back-with-a-bang\/\">READ MORE<\/a><\/p><\/div>\r\n<\/li><li class=\"wp-block-post post-2706 post type-post status-publish format-standard has-post-thumbnail hentry category-securite-et-confidentialite category-uncategorized\">\r\n<figure class=\"alignwide wp-block-post-featured-image\"><a href=\"https:\/\/caisse-wordpress-prod.azurewebsites.net\/en\/on-this-last-day-of-cybersecurity-month\/\" target=\"_self\"  ><img loading=\"lazy\" decoding=\"async\" width=\"726\" height=\"400\" src=\"\/wp-content\/uploads\/2024\/01\/Cybersecurite-thumbnail.jpg\" class=\"attachment-post-thumbnail size-post-thumbnail wp-post-image\" alt=\"On this last day of cybersecurity month&#8230;\" style=\"object-fit:cover;\" srcset=\"\/wp-content\/uploads\/2024\/01\/Cybersecurite-thumbnail.jpg 726w, \/wp-content\/uploads\/2024\/01\/Cybersecurite-thumbnail-300x165.jpg 300w\" sizes=\"auto, (max-width: 726px) 100vw, 726px\" \/><\/a><\/figure>\r\n\r\n<h2 class=\"wp-block-post-title\"><a href=\"https:\/\/caisse-wordpress-prod.azurewebsites.net\/en\/on-this-last-day-of-cybersecurity-month\/\" target=\"_self\" >On this last day of cybersecurity month&#8230;<\/a><\/h2>\r\n\r\n<div class=\"wp-block-post-excerpt\"><p class=\"wp-block-post-excerpt__excerpt\">\u00c0 un moment ou \u00e0 un autre, la plupart d&#8217;entre nous sont tomb\u00e9s sur une arnaque d&#8217;hame\u00e7onnage. Il s&#8217;agit d&#8217;une tentative par un cybercriminel de vous inciter \u00e0 r\u00e9v\u00e9ler vos informations personnelles en envoyant des courriels, des textos, des messages vocaux et des messages directs \u00e0 l&#8217;apparence convaincante, qui semblent provenir d&#8217;une organisation l\u00e9gitime. Il&hellip;<\/p><p class=\"wp-block-post-excerpt__more-text\"><a class=\"wp-block-post-excerpt__more-link\" href=\"https:\/\/caisse-wordpress-prod.azurewebsites.net\/en\/on-this-last-day-of-cybersecurity-month\/\">READ MORE<\/a><\/p><\/div>\r\n<\/li><\/ul>\r\n\r\n<nav class=\"wp-block-query-pagination is-layout-flex wp-block-query-pagination-is-layout-flex\" aria-label=\"Pagination\">\r\n<div class=\"wp-block-query-pagination-numbers\"><span aria-current=\"page\" class=\"page-numbers current\">1<\/span>\n<a class=\"page-numbers\" href=\"?query-16-page=2\">2<\/a><\/div>\r\n<\/nav><\/div>\r\n","protected":false},"excerpt":{"rendered":"<p>Explore the Communi-Caisse blog to make sure you are&nbsp;up-to-date&nbsp;on the latest goings-on at Caisse, and for guidance regarding your finances.<\/p>\n","protected":false},"author":13,"featured_media":0,"parent":0,"menu_order":0,"comment_status":"closed","ping_status":"closed","template":"","meta":{"_acf_changed":false,"footnotes":""},"class_list":["post-28191","page","type-page","status-publish","hentry"],"acf":[],"_links":{"self":[{"href":"https:\/\/caisse-wordpress-prod.azurewebsites.net\/en\/wp-json\/wp\/v2\/pages\/28191","targetHints":{"allow":["GET"]}}],"collection":[{"href":"https:\/\/caisse-wordpress-prod.azurewebsites.net\/en\/wp-json\/wp\/v2\/pages"}],"about":[{"href":"https:\/\/caisse-wordpress-prod.azurewebsites.net\/en\/wp-json\/wp\/v2\/types\/page"}],"author":[{"embeddable":true,"href":"https:\/\/caisse-wordpress-prod.azurewebsites.net\/en\/wp-json\/wp\/v2\/users\/13"}],"replies":[{"embeddable":true,"href":"https:\/\/caisse-wordpress-prod.azurewebsites.net\/en\/wp-json\/wp\/v2\/comments?post=28191"}],"version-history":[{"count":1,"href":"https:\/\/caisse-wordpress-prod.azurewebsites.net\/en\/wp-json\/wp\/v2\/pages\/28191\/revisions"}],"predecessor-version":[{"id":28194,"href":"https:\/\/caisse-wordpress-prod.azurewebsites.net\/en\/wp-json\/wp\/v2\/pages\/28191\/revisions\/28194"}],"wp:attachment":[{"href":"https:\/\/caisse-wordpress-prod.azurewebsites.net\/en\/wp-json\/wp\/v2\/media?parent=28191"}],"curies":[{"name":"wp","href":"https:\/\/api.w.org\/{rel}","templated":true}]}}